{"id":7471,"date":"2021-12-16T15:54:59","date_gmt":"2021-12-16T15:54:59","guid":{"rendered":"https:\/\/staging.huntica.rocks\/audioguide\/?page_id=7471"},"modified":"2022-02-10T16:07:18","modified_gmt":"2022-02-10T16:07:18","slug":"franz-xaver-weidinger-raeume","status":"publish","type":"page","link":"https:\/\/museum-ried.at\/museumsrundgang\/franz-xaver-weidinger-raeume\/","title":{"rendered":"Franz Xaver Weidinger R\u00e4ume"},"content":{"rendered":"\t\t<div data-elementor-type=\"wp-page\" data-elementor-id=\"7471\" class=\"elementor elementor-7471\" data-elementor-post-type=\"page\">\n\t\t\t\t\t\t<section class=\"elementor-section elementor-top-section elementor-element elementor-element-77828b4 elementor-section-full_width qodef-elementor-content-grid elementor-section-height-default elementor-section-height-default\" data-id=\"77828b4\" data-element_type=\"section\">\n\t\t\t\t\t\t<div class=\"elementor-container elementor-column-gap-default\">\n\t\t\t\t\t<div class=\"elementor-column elementor-col-100 elementor-top-column elementor-element elementor-element-5f5f8ef\" data-id=\"5f5f8ef\" data-element_type=\"column\">\n\t\t\t<div class=\"elementor-widget-wrap elementor-element-populated\">\n\t\t\t\t\t\t<div class=\"elementor-element elementor-element-b4eac8e elementor-widget elementor-widget-image\" data-id=\"b4eac8e\" data-element_type=\"widget\" data-widget_type=\"image.default\">\n\t\t\t\t<div class=\"elementor-widget-container\">\n\t\t\t\t\t\t\t\t\t\t\t\t\t<img fetchpriority=\"high\" decoding=\"async\" width=\"768\" height=\"1024\" src=\"https:\/\/museum-ried.at\/museumsrundgang\/wp-content\/uploads\/15_Weidinger_20211111_124120-1-768x1024.jpg\" class=\"attachment-large size-large wp-image-7473\" alt=\"\" srcset=\"https:\/\/museum-ried.at\/museumsrundgang\/wp-content\/uploads\/15_Weidinger_20211111_124120-1-768x1024.jpg 768w, https:\/\/museum-ried.at\/museumsrundgang\/wp-content\/uploads\/15_Weidinger_20211111_124120-1-225x300.jpg 225w, https:\/\/museum-ried.at\/museumsrundgang\/wp-content\/uploads\/15_Weidinger_20211111_124120-1-1152x1536.jpg 1152w, https:\/\/museum-ried.at\/museumsrundgang\/wp-content\/uploads\/15_Weidinger_20211111_124120-1-1536x2048.jpg 1536w, https:\/\/museum-ried.at\/museumsrundgang\/wp-content\/uploads\/15_Weidinger_20211111_124120-1-scaled.jpg 1920w\" sizes=\"(max-width: 768px) 100vw, 768px\" \/>\t\t\t\t\t\t\t\t\t\t\t\t\t<\/div>\n\t\t\t\t<\/div>\n\t\t\t\t<div class=\"elementor-element elementor-element-bf2697e elementor-widget elementor-widget-spacer\" data-id=\"bf2697e\" data-element_type=\"widget\" data-widget_type=\"spacer.default\">\n\t\t\t\t<div class=\"elementor-widget-container\">\n\t\t\t\t\t<div class=\"elementor-spacer\">\n\t\t\t<div class=\"elementor-spacer-inner\"><\/div>\n\t\t<\/div>\n\t\t\t\t<\/div>\n\t\t\t\t<\/div>\n\t\t\t\t<div class=\"elementor-element elementor-element-88f5ba3 elementor-widget elementor-widget-resonator_core_podcast_list\" data-id=\"88f5ba3\" data-element_type=\"widget\" data-widget_type=\"resonator_core_podcast_list.default\">\n\t\t\t\t<div class=\"elementor-widget-container\">\n\t\t\t<div class=\"qodef-shortcode qodef-m  qodef-podcast-list  qodef-item-layout--simple qodef-grid qodef-layout--columns  qodef-gutter--normal qodef-col-num--1 qodef-item-layout--simple qodef--no-bottom-space qodef-pagination--off qodef-responsive--predefined\" data-options=\"{&quot;plugin&quot;:&quot;resonator_core&quot;,&quot;module&quot;:&quot;post-types\\\/podcast\\\/shortcodes&quot;,&quot;shortcode&quot;:&quot;podcast-list&quot;,&quot;post_type&quot;:&quot;podcast-item&quot;,&quot;next_page&quot;:&quot;2&quot;,&quot;behavior&quot;:&quot;columns&quot;,&quot;images_proportion&quot;:&quot;full&quot;,&quot;columns&quot;:&quot;1&quot;,&quot;columns_responsive&quot;:&quot;predefined&quot;,&quot;space&quot;:&quot;normal&quot;,&quot;orderby&quot;:&quot;date&quot;,&quot;order&quot;:&quot;DESC&quot;,&quot;additional_params&quot;:&quot;tax&quot;,&quot;tax&quot;:&quot;podcast-tag&quot;,&quot;tax_slug&quot;:&quot;franz xaver weidinger&quot;,&quot;layout&quot;:&quot;simple&quot;,&quot;title_tag&quot;:&quot;h4&quot;,&quot;enable_appear&quot;:&quot;no&quot;,&quot;show_audio_length&quot;:&quot;no&quot;,&quot;show_next_up&quot;:&quot;no&quot;,&quot;navigation_with_text&quot;:&quot;no&quot;,&quot;pagination_type&quot;:&quot;no-pagination&quot;,&quot;enable_image&quot;:&quot;yes&quot;,&quot;enable_excerpt&quot;:&quot;no&quot;,&quot;enable_share&quot;:&quot;no&quot;,&quot;enable_button&quot;:&quot;no&quot;,&quot;object_class_name&quot;:&quot;ResonatorCorePodcastListShortcode&quot;,&quot;taxonomy_filter&quot;:&quot;podcast-category&quot;,&quot;additional_query_args&quot;:{&quot;tax_query&quot;:[{&quot;taxonomy&quot;:&quot;podcast-tag&quot;,&quot;field&quot;:&quot;slug&quot;,&quot;terms&quot;:&quot;franz xaver weidinger&quot;}]},&quot;space_value&quot;:15}\">\n\t\t<div class=\"qodef-grid-inner clear\">\n\t\t<article class=\"qodef-e qodef-grid-item qodef-item--full post-8392 podcast-item type-podcast-item status-publish has-post-thumbnail hentry podcast-tag-franz-xaver-weidinger\">\n\t<div class=\"qodef-e-inner\">\n\t\t<div class=\"qodef-e-content\">\n\t\t\t<div>\n\t\t\t\t<div class=\"qodef-m-play\" data-playing-id=\"0\" data-source=\"https:\/\/museum-ried.at\/museumsrundgang\/wp-content\/uploads\/Raum-15-16-Franz-Xaver-Weidinger_01.mp3\" data-title=\"15. &#038; 16. Franz Xaver Weidinger\" data-link=\"https:\/\/museum-ried.at\/museumsrundgang\/ausgabe\/franz-xaver-weidinger\/\" data-image=\"https:\/\/museum-ried.at\/museumsrundgang\/wp-content\/uploads\/15_Weidinger_20211111_124120-1-scaled.jpg\" data-episode=\"Episode\"><\/div>\r\n\t\t\t\t<h4 itemprop=\"name\" class=\"qodef-e-title entry-title\" >\n\t<a itemprop=\"url\" class=\"qodef-e-title-link\" href=\"https:\/\/museum-ried.at\/museumsrundgang\/ausgabe\/franz-xaver-weidinger\/\">\n\t\t15. &#038; 16. Franz Xaver Weidinger\t<\/a>\n<\/h4>\t\t\t<\/div>\n\t\t\t<div>\n\t\t\t\t\t            \t                    <div class=\"qodef-e-read-more\">\n\t\t\t<a class=\"qodef-shortcode qodef-m  qodef-button qodef-layout--textual  qodef-html--link\" href=\"https:\/\/museum-ried.at\/museumsrundgang\/ausgabe\/franz-xaver-weidinger\/\" target=\"_self\"  >\t<span class=\"qodef-m-text\">Weitere Informationen <\/span>    <svg xmlns=\"http:\/\/www.w3.org\/2000\/svg\" xmlns:xlink=\"http:\/\/www.w3.org\/1999\/xlink\" x=\"0px\" y=\"0px\"         viewBox=\"0 0 19.2 12.7\" style=\"enable-background:new 0 0 19.2 12.7;\" xml:space=\"preserve\">        <g>            <g>                <line x1=\"18\" y1=\"6.4\" x2=\"0\" y2=\"6.4\"\/>            <\/g>            <path d=\"M13,0.6\"\/>            <polyline points=\"12.5,0.4 18.5,6.4 12.5,12.4 \t\"\/>        <\/g>    <\/svg><\/a>        <\/div>\n\t\t\t<\/div>\n\t\t<\/div>\n\t<\/div>\n<\/article>\t<\/div>\n\t<\/div>\t\t<\/div>\n\t\t\t\t<\/div>\n\t\t\t\t<div class=\"elementor-element elementor-element-5aadab0 elementor-widget elementor-widget-text-editor\" data-id=\"5aadab0\" data-element_type=\"widget\" data-widget_type=\"text-editor.default\">\n\t\t\t\t<div class=\"elementor-widget-container\">\n\t\t\t\t\t\t\t<p>Franz Xaver Weidinger wurde 1890 in Ried geboren. Er lernte zun\u00e4chst das Anstreicher- und Zimmermalerhandwerk in Ried und M\u00fcnchen. Anschlie\u00dfend besuchte er die Kunstgewerbeschule in Salzburg und studierte an den Akademien in Wien und Dresden. Es folgten Zeiten ohne feste Adresse. Nach einer von Entbehrungen gepr\u00e4gten Studienzeit zog er entwurzelt umher. Portr\u00e4tauftr\u00e4ge verschafften ihm l\u00e4ngere Aufenthalte in gastlichen H\u00e4usern. Aufgrund seiner Erfahrungen soll er die Gr\u00fcndung einer heimatbezogenen K\u00fcnstlervereinigung angeregt haben. Trotz seiner weiten Reisen stellen seine Werke fast ausschlie\u00dflich die ober\u00f6sterreichische Heimat in den Mittelpunkt. Er f\u00e4ngt die Stimmungen in duftigen Aquarellen und altmeisterlichen \u00d6lbildern ein. Zahlreiche Preise und Auszeichnungen w\u00fcrdigten sein Schaffen. Weidinger war von 1928 bis 1933 Pr\u00e4sident des Ober\u00f6sterreichischen Kunstvereins.<\/p><p>Franz Xaver Weidinger starb 1972 in Bad Ischl.<\/p><p>\u00a0<\/p>\t\t\t\t\t\t<\/div>\n\t\t\t\t<\/div>\n\t\t\t\t<div class=\"elementor-element elementor-element-c8ff60f elementor-widget elementor-widget-qi_addons_for_elementor_button\" data-id=\"c8ff60f\" data-element_type=\"widget\" data-widget_type=\"qi_addons_for_elementor_button.default\">\n\t\t\t\t<div class=\"elementor-widget-container\">\n\t\t\t<a class=\"qodef-shortcode qodef-m  qodef-qi-button qodef-html--link qodef-layout--filled qodef-type--standard qodef-size--full  qodef-icon--right qodef-hover--icon-move-horizontal-short   qodef-text-underline qodef-underline--center \" href=\"https:\/\/museum-ried.at\/museumsrundgang\/\" target=\"_self\">\n\t<span class=\"qodef-m-text\">zur\u00fcck zur \u00dcbersicht<\/span>\n\t<\/a>\n\t\t<\/div>\n\t\t\t\t<\/div>\n\t\t\t\t\t<\/div>\n\t\t<\/div>\n\t\t\t\t\t<\/div>\n\t\t<\/section>\n\t\t\t\t<\/div>\n\t\t","protected":false},"excerpt":{"rendered":"<p>Franz Xaver Weidinger Weitere Informationen Franz Xaver Weidinger wurde 1890 in Ried geboren. Er lernte zun\u00e4chst das Anstreicher- und Zimmermalerhandwerk in Ried und M\u00fcnchen. Anschlie\u00dfend besuchte er die Kunstgewerbeschule in Salzburg und studierte an den Akademien in Wien und Dresden. Es folgten Zeiten ohne feste Adresse. Nach einer von Entbehrungen gepr\u00e4gten Studienzeit zog er entwurzelt [&hellip;]<\/p>\n","protected":false},"author":1,"featured_media":0,"parent":0,"menu_order":0,"comment_status":"closed","ping_status":"closed","template":"page-full-width.php","meta":{"footnotes":""},"class_list":["post-7471","page","type-page","status-publish","hentry"],"_links":{"self":[{"href":"https:\/\/museum-ried.at\/museumsrundgang\/wp-json\/wp\/v2\/pages\/7471","targetHints":{"allow":["GET"]}}],"collection":[{"href":"https:\/\/museum-ried.at\/museumsrundgang\/wp-json\/wp\/v2\/pages"}],"about":[{"href":"https:\/\/museum-ried.at\/museumsrundgang\/wp-json\/wp\/v2\/types\/page"}],"author":[{"embeddable":true,"href":"https:\/\/museum-ried.at\/museumsrundgang\/wp-json\/wp\/v2\/users\/1"}],"replies":[{"embeddable":true,"href":"https:\/\/museum-ried.at\/museumsrundgang\/wp-json\/wp\/v2\/comments?post=7471"}],"version-history":[{"count":0,"href":"https:\/\/museum-ried.at\/museumsrundgang\/wp-json\/wp\/v2\/pages\/7471\/revisions"}],"wp:attachment":[{"href":"https:\/\/museum-ried.at\/museumsrundgang\/wp-json\/wp\/v2\/media?parent=7471"}],"curies":[{"name":"wp","href":"https:\/\/api.w.org\/{rel}","templated":true}]}}