{"id":6655,"date":"2021-12-10T19:57:28","date_gmt":"2021-12-10T19:57:28","guid":{"rendered":"https:\/\/staging.huntica.rocks\/audioguide\/?page_id=6655"},"modified":"2022-02-10T15:17:36","modified_gmt":"2022-02-10T15:17:36","slug":"buergerzimmer-und-gemaelde-der-erste-christbaum-in-ried","status":"publish","type":"page","link":"https:\/\/museum-ried.at\/museumsrundgang\/buergerzimmer-und-gemaelde-der-erste-christbaum-in-ried\/","title":{"rendered":"B\u00fcrgerzimmer und Gem\u00e4lde \u201eDer erste Christbaum in Ried\u201c"},"content":{"rendered":"\t\t<div data-elementor-type=\"wp-page\" data-elementor-id=\"6655\" class=\"elementor elementor-6655\" data-elementor-post-type=\"page\">\n\t\t\t\t\t\t<section class=\"elementor-section elementor-top-section elementor-element elementor-element-77828b4 elementor-section-full_width qodef-elementor-content-grid elementor-section-height-default elementor-section-height-default\" data-id=\"77828b4\" data-element_type=\"section\">\n\t\t\t\t\t\t<div class=\"elementor-container elementor-column-gap-default\">\n\t\t\t\t\t<div class=\"elementor-column elementor-col-100 elementor-top-column elementor-element elementor-element-5f5f8ef\" data-id=\"5f5f8ef\" data-element_type=\"column\">\n\t\t\t<div class=\"elementor-widget-wrap elementor-element-populated\">\n\t\t\t\t\t\t<div class=\"elementor-element elementor-element-b4eac8e elementor-widget elementor-widget-image\" data-id=\"b4eac8e\" data-element_type=\"widget\" data-widget_type=\"image.default\">\n\t\t\t\t<div class=\"elementor-widget-container\">\n\t\t\t\t\t\t\t\t\t\t\t\t\t<img fetchpriority=\"high\" decoding=\"async\" width=\"730\" height=\"1024\" src=\"https:\/\/museum-ried.at\/museumsrundgang\/wp-content\/uploads\/10jpg-730x1024.jpg\" class=\"attachment-large size-large wp-image-6663\" alt=\"\" srcset=\"https:\/\/museum-ried.at\/museumsrundgang\/wp-content\/uploads\/10jpg-730x1024.jpg 730w, https:\/\/museum-ried.at\/museumsrundgang\/wp-content\/uploads\/10jpg-214x300.jpg 214w, https:\/\/museum-ried.at\/museumsrundgang\/wp-content\/uploads\/10jpg-768x1077.jpg 768w, https:\/\/museum-ried.at\/museumsrundgang\/wp-content\/uploads\/10jpg.jpg 998w\" sizes=\"(max-width: 730px) 100vw, 730px\" \/>\t\t\t\t\t\t\t\t\t\t\t\t\t<\/div>\n\t\t\t\t<\/div>\n\t\t\t\t<div class=\"elementor-element elementor-element-3d2d3bd elementor-widget elementor-widget-resonator_core_podcast_list\" data-id=\"3d2d3bd\" data-element_type=\"widget\" data-widget_type=\"resonator_core_podcast_list.default\">\n\t\t\t\t<div class=\"elementor-widget-container\">\n\t\t\t<div class=\"qodef-shortcode qodef-m  qodef-podcast-list  qodef-item-layout--simple qodef-grid qodef-layout--columns  qodef-gutter--normal qodef-col-num--1 qodef-item-layout--simple qodef--no-bottom-space qodef-pagination--off qodef-responsive--predefined\" data-options=\"{&quot;plugin&quot;:&quot;resonator_core&quot;,&quot;module&quot;:&quot;post-types\\\/podcast\\\/shortcodes&quot;,&quot;shortcode&quot;:&quot;podcast-list&quot;,&quot;post_type&quot;:&quot;podcast-item&quot;,&quot;next_page&quot;:&quot;2&quot;,&quot;max_pages_num&quot;:1,&quot;behavior&quot;:&quot;columns&quot;,&quot;images_proportion&quot;:&quot;full&quot;,&quot;columns&quot;:&quot;1&quot;,&quot;columns_responsive&quot;:&quot;predefined&quot;,&quot;space&quot;:&quot;normal&quot;,&quot;posts_per_page&quot;:&quot;b\\u00fcrgerzimmer&quot;,&quot;orderby&quot;:&quot;date&quot;,&quot;order&quot;:&quot;DESC&quot;,&quot;additional_params&quot;:&quot;tax&quot;,&quot;tax&quot;:&quot;podcast-tag&quot;,&quot;tax_slug&quot;:&quot;b\\u00fcrgerzimmer&quot;,&quot;layout&quot;:&quot;simple&quot;,&quot;title_tag&quot;:&quot;h4&quot;,&quot;enable_appear&quot;:&quot;no&quot;,&quot;show_audio_length&quot;:&quot;no&quot;,&quot;show_next_up&quot;:&quot;no&quot;,&quot;navigation_with_text&quot;:&quot;no&quot;,&quot;pagination_type&quot;:&quot;no-pagination&quot;,&quot;enable_image&quot;:&quot;yes&quot;,&quot;enable_excerpt&quot;:&quot;no&quot;,&quot;enable_share&quot;:&quot;no&quot;,&quot;enable_button&quot;:&quot;no&quot;,&quot;object_class_name&quot;:&quot;ResonatorCorePodcastListShortcode&quot;,&quot;taxonomy_filter&quot;:&quot;podcast-category&quot;,&quot;additional_query_args&quot;:{&quot;tax_query&quot;:[{&quot;taxonomy&quot;:&quot;podcast-tag&quot;,&quot;field&quot;:&quot;slug&quot;,&quot;terms&quot;:&quot;b\\u00fcrgerzimmer&quot;}]},&quot;space_value&quot;:15}\">\n\t\t<div class=\"qodef-grid-inner clear\">\n\t\t<article class=\"qodef-e qodef-grid-item qodef-item--full post-8316 podcast-item type-podcast-item status-publish has-post-thumbnail hentry podcast-tag-buergerzimmer\">\n\t<div class=\"qodef-e-inner\">\n\t\t<div class=\"qodef-e-content\">\n\t\t\t<div>\n\t\t\t\t<div class=\"qodef-m-play\" data-playing-id=\"0\" data-source=\"https:\/\/museum-ried.at\/museumsrundgang\/wp-content\/uploads\/Raum-10.Bu\u0308rgerzimmer-und-Gema\u0308lde-\u201eDer-erste-Christbaum-in-Ried0A_02_01_01.mp3\" data-title=\"10. B\u00fcrgerzimmer\" data-link=\"https:\/\/museum-ried.at\/museumsrundgang\/ausgabe\/buergerzimmer\/\" data-image=\"https:\/\/museum-ried.at\/museumsrundgang\/wp-content\/uploads\/10jpg.jpg\" data-episode=\"Episode\"><\/div>\r\n\t\t\t\t<h4 itemprop=\"name\" class=\"qodef-e-title entry-title\" >\n\t<a itemprop=\"url\" class=\"qodef-e-title-link\" href=\"https:\/\/museum-ried.at\/museumsrundgang\/ausgabe\/buergerzimmer\/\">\n\t\t10. B\u00fcrgerzimmer\t<\/a>\n<\/h4>\t\t\t<\/div>\n\t\t\t<div>\n\t\t\t\t\t            \t                    <div class=\"qodef-e-read-more\">\n\t\t\t<a class=\"qodef-shortcode qodef-m  qodef-button qodef-layout--textual  qodef-html--link\" href=\"https:\/\/museum-ried.at\/museumsrundgang\/ausgabe\/buergerzimmer\/\" target=\"_self\"  >\t<span class=\"qodef-m-text\">Weitere Informationen <\/span>    <svg xmlns=\"http:\/\/www.w3.org\/2000\/svg\" xmlns:xlink=\"http:\/\/www.w3.org\/1999\/xlink\" x=\"0px\" y=\"0px\"         viewBox=\"0 0 19.2 12.7\" style=\"enable-background:new 0 0 19.2 12.7;\" xml:space=\"preserve\">        <g>            <g>                <line x1=\"18\" y1=\"6.4\" x2=\"0\" y2=\"6.4\"\/>            <\/g>            <path d=\"M13,0.6\"\/>            <polyline points=\"12.5,0.4 18.5,6.4 12.5,12.4 \t\"\/>        <\/g>    <\/svg><\/a>        <\/div>\n\t\t\t<\/div>\n\t\t<\/div>\n\t<\/div>\n<\/article>\t<\/div>\n\t<\/div>\t\t<\/div>\n\t\t\t\t<\/div>\n\t\t\t\t<div class=\"elementor-element elementor-element-784ab9c elementor-widget elementor-widget-text-editor\" data-id=\"784ab9c\" data-element_type=\"widget\" data-widget_type=\"text-editor.default\">\n\t\t\t\t<div class=\"elementor-widget-container\">\n\t\t\t\t\t\t\t<p>Im B\u00fcrgerzimmer sind M\u00f6bel der Sp\u00e4tbarock- und Biedermeierzeit zu einem ansprechenden Ensemble zusammengef\u00fcgt.<\/p><p>Das Gem\u00e4lde \u201eDer erste Christbaum in Ried\u201c schuf der M\u00fcnchner Wandermaler Felix Ignaz Pollinger. Es zeigt das friedliche Leben einer Familie in der Sp\u00e4tbiedermeierzeit. Dargestellt ist das Weihnachtsfest der Rieder B\u00fcrgerfamilie Rapolter. Die Spruchb\u00e4nder am B\u00e4umchen verraten, dass es auch das Geburtstagsfest des Kaufmanns Josef Anton Rapolter war, der am 24. Dezember 1800 geboren wurde. Zum Familienkreis geh\u00f6rten seine Frau, die Gro\u00dfmutter im Armstuhl und elf mit Geschenken spielende Kinder. Frau Rapolter ist mit dem zw\u00f6lften Kind guter Hoffnung. Ihr Ungeborenes wird als Jesuskind unter dem Glassturz auf dem Tisch dargestellt.<\/p><p>\u00dcber den ersten Christbaum in Ried ist folgendes \u00fcberliefert: <em>In der Vorweihnachtszeit sagte Vater Rapolter eines Tages zu seinen Kindern: \u2018Heuer kommt nicht das goldene Hein\u00dfl zu euch, heuer kommt das Christkind selbst!\u2019 Mit Spannung erwarteten die Kinder den Heiligen Abend. Alles war wie sonst, der Vater betete drei Rosenkr\u00e4nze und las die Geschichte von der Geburt Christi vor. Dann kamen Augenblicke<\/em> <em>bangen Harrens f\u00fcr die Kinder. Ein einfaches Silbergl\u00f6ckchen gab das Signal, und da stand er nun vor den Kindern \u2013 der erste Christbaum in Ried! Eine kleine Tanne war es mit vielen Lichtlein, mit roten \u00c4pfeln, goldenen N\u00fcssen und Lebzelten. <\/em><\/p>\t\t\t\t\t\t<\/div>\n\t\t\t\t<\/div>\n\t\t\t\t<div class=\"elementor-element elementor-element-bf2697e elementor-widget elementor-widget-spacer\" data-id=\"bf2697e\" data-element_type=\"widget\" data-widget_type=\"spacer.default\">\n\t\t\t\t<div class=\"elementor-widget-container\">\n\t\t\t\t\t<div class=\"elementor-spacer\">\n\t\t\t<div class=\"elementor-spacer-inner\"><\/div>\n\t\t<\/div>\n\t\t\t\t<\/div>\n\t\t\t\t<\/div>\n\t\t\t\t<div class=\"elementor-element elementor-element-c8ff60f elementor-widget elementor-widget-qi_addons_for_elementor_button\" data-id=\"c8ff60f\" data-element_type=\"widget\" data-widget_type=\"qi_addons_for_elementor_button.default\">\n\t\t\t\t<div class=\"elementor-widget-container\">\n\t\t\t<a class=\"qodef-shortcode qodef-m  qodef-qi-button qodef-html--link qodef-layout--filled qodef-type--standard qodef-size--full  qodef-icon--right qodef-hover--icon-move-horizontal-short   qodef-text-underline qodef-underline--center \" href=\"https:\/\/museum-ried.at\/museumsrundgang\/\" target=\"_self\">\n\t<span class=\"qodef-m-text\">zur\u00fcck zur \u00dcbersicht<\/span>\n\t<\/a>\n\t\t<\/div>\n\t\t\t\t<\/div>\n\t\t\t\t\t<\/div>\n\t\t<\/div>\n\t\t\t\t\t<\/div>\n\t\t<\/section>\n\t\t\t\t<\/div>\n\t\t","protected":false},"excerpt":{"rendered":"<p>No posts were found for provided query parameters. Im B\u00fcrgerzimmer sind M\u00f6bel der Sp\u00e4tbarock- und Biedermeierzeit zu einem ansprechenden Ensemble zusammengef\u00fcgt. Das Gem\u00e4lde \u201eDer erste Christbaum in Ried\u201c schuf der M\u00fcnchner Wandermaler Felix Ignaz Pollinger. Es zeigt das friedliche Leben einer Familie in der Sp\u00e4tbiedermeierzeit. Dargestellt ist das Weihnachtsfest der Rieder B\u00fcrgerfamilie Rapolter. Die Spruchb\u00e4nder [&hellip;]<\/p>\n","protected":false},"author":1,"featured_media":0,"parent":0,"menu_order":0,"comment_status":"closed","ping_status":"closed","template":"page-full-width.php","meta":{"footnotes":""},"class_list":["post-6655","page","type-page","status-publish","hentry"],"_links":{"self":[{"href":"https:\/\/museum-ried.at\/museumsrundgang\/wp-json\/wp\/v2\/pages\/6655","targetHints":{"allow":["GET"]}}],"collection":[{"href":"https:\/\/museum-ried.at\/museumsrundgang\/wp-json\/wp\/v2\/pages"}],"about":[{"href":"https:\/\/museum-ried.at\/museumsrundgang\/wp-json\/wp\/v2\/types\/page"}],"author":[{"embeddable":true,"href":"https:\/\/museum-ried.at\/museumsrundgang\/wp-json\/wp\/v2\/users\/1"}],"replies":[{"embeddable":true,"href":"https:\/\/museum-ried.at\/museumsrundgang\/wp-json\/wp\/v2\/comments?post=6655"}],"version-history":[{"count":0,"href":"https:\/\/museum-ried.at\/museumsrundgang\/wp-json\/wp\/v2\/pages\/6655\/revisions"}],"wp:attachment":[{"href":"https:\/\/museum-ried.at\/museumsrundgang\/wp-json\/wp\/v2\/media?parent=6655"}],"curies":[{"name":"wp","href":"https:\/\/api.w.org\/{rel}","templated":true}]}}