{"id":6319,"date":"2021-12-10T18:42:02","date_gmt":"2021-12-10T18:42:02","guid":{"rendered":"https:\/\/staging.huntica.rocks\/audioguide\/?page_id=6319"},"modified":"2022-09-21T09:15:14","modified_gmt":"2022-09-21T09:15:14","slug":"textilien-und-bekleidung","status":"publish","type":"page","link":"https:\/\/museum-ried.at\/museumsrundgang\/textilien-und-bekleidung\/","title":{"rendered":"Textilien und Bekleidung"},"content":{"rendered":"\t\t<div data-elementor-type=\"wp-page\" data-elementor-id=\"6319\" class=\"elementor elementor-6319\" data-elementor-post-type=\"page\">\n\t\t\t\t\t\t<section class=\"elementor-section elementor-top-section elementor-element elementor-element-77828b4 elementor-section-full_width qodef-elementor-content-grid elementor-section-height-default elementor-section-height-default\" data-id=\"77828b4\" data-element_type=\"section\">\n\t\t\t\t\t\t<div class=\"elementor-container elementor-column-gap-default\">\n\t\t\t\t\t<div class=\"elementor-column elementor-col-100 elementor-top-column elementor-element elementor-element-5f5f8ef\" data-id=\"5f5f8ef\" data-element_type=\"column\">\n\t\t\t<div class=\"elementor-widget-wrap elementor-element-populated\">\n\t\t\t\t\t\t<div class=\"elementor-element elementor-element-b4eac8e elementor-widget elementor-widget-image\" data-id=\"b4eac8e\" data-element_type=\"widget\" data-widget_type=\"image.default\">\n\t\t\t\t<div class=\"elementor-widget-container\">\n\t\t\t\t\t\t\t\t\t\t\t\t\t<img fetchpriority=\"high\" decoding=\"async\" width=\"1024\" height=\"768\" src=\"https:\/\/museum-ried.at\/museumsrundgang\/wp-content\/uploads\/Raum4-1024x768.jpg\" class=\"attachment-large size-large wp-image-7275\" alt=\"\" srcset=\"https:\/\/museum-ried.at\/museumsrundgang\/wp-content\/uploads\/Raum4-1024x768.jpg 1024w, https:\/\/museum-ried.at\/museumsrundgang\/wp-content\/uploads\/Raum4-300x225.jpg 300w, https:\/\/museum-ried.at\/museumsrundgang\/wp-content\/uploads\/Raum4-768x576.jpg 768w, https:\/\/museum-ried.at\/museumsrundgang\/wp-content\/uploads\/Raum4-1536x1152.jpg 1536w, https:\/\/museum-ried.at\/museumsrundgang\/wp-content\/uploads\/Raum4-2048x1536.jpg 2048w\" sizes=\"(max-width: 1024px) 100vw, 1024px\" \/>\t\t\t\t\t\t\t\t\t\t\t\t\t<\/div>\n\t\t\t\t<\/div>\n\t\t\t\t<div class=\"elementor-element elementor-element-beecaf6 elementor-widget elementor-widget-resonator_core_podcast_list\" data-id=\"beecaf6\" data-element_type=\"widget\" data-widget_type=\"resonator_core_podcast_list.default\">\n\t\t\t\t<div class=\"elementor-widget-container\">\n\t\t\t<div class=\"qodef-shortcode qodef-m  qodef-podcast-list  qodef-item-layout--simple qodef-grid qodef-layout--columns  qodef-gutter--normal qodef-col-num--1 qodef-item-layout--simple qodef--no-bottom-space qodef-pagination--off qodef-responsive--predefined\" data-options=\"{&quot;plugin&quot;:&quot;resonator_core&quot;,&quot;module&quot;:&quot;post-types\\\/podcast\\\/shortcodes&quot;,&quot;shortcode&quot;:&quot;podcast-list&quot;,&quot;post_type&quot;:&quot;podcast-item&quot;,&quot;next_page&quot;:&quot;2&quot;,&quot;max_pages_num&quot;:1,&quot;behavior&quot;:&quot;columns&quot;,&quot;images_proportion&quot;:&quot;full&quot;,&quot;columns&quot;:&quot;1&quot;,&quot;columns_responsive&quot;:&quot;predefined&quot;,&quot;space&quot;:&quot;normal&quot;,&quot;posts_per_page&quot;:&quot;textilien und bekleidung&quot;,&quot;orderby&quot;:&quot;date&quot;,&quot;order&quot;:&quot;DESC&quot;,&quot;additional_params&quot;:&quot;tax&quot;,&quot;tax&quot;:&quot;podcast-tag&quot;,&quot;tax_slug&quot;:&quot;textilien und bekleidung&quot;,&quot;layout&quot;:&quot;simple&quot;,&quot;title_tag&quot;:&quot;h4&quot;,&quot;enable_appear&quot;:&quot;no&quot;,&quot;show_audio_length&quot;:&quot;no&quot;,&quot;show_next_up&quot;:&quot;no&quot;,&quot;navigation_with_text&quot;:&quot;no&quot;,&quot;pagination_type&quot;:&quot;no-pagination&quot;,&quot;enable_image&quot;:&quot;yes&quot;,&quot;enable_excerpt&quot;:&quot;no&quot;,&quot;enable_share&quot;:&quot;no&quot;,&quot;enable_button&quot;:&quot;no&quot;,&quot;object_class_name&quot;:&quot;ResonatorCorePodcastListShortcode&quot;,&quot;taxonomy_filter&quot;:&quot;podcast-category&quot;,&quot;additional_query_args&quot;:{&quot;tax_query&quot;:[{&quot;taxonomy&quot;:&quot;podcast-tag&quot;,&quot;field&quot;:&quot;slug&quot;,&quot;terms&quot;:&quot;textilien und bekleidung&quot;}]},&quot;space_value&quot;:15}\">\n\t\t<div class=\"qodef-grid-inner clear\">\n\t\t<article class=\"qodef-e qodef-grid-item qodef-item--full post-8273 podcast-item type-podcast-item status-publish has-post-thumbnail hentry podcast-tag-textilien-und-bekleidung\">\n\t<div class=\"qodef-e-inner\">\n\t\t<div class=\"qodef-e-content\">\n\t\t\t<div>\n\t\t\t\t<div class=\"qodef-m-play\" data-playing-id=\"0\" data-source=\"https:\/\/museum-ried.at\/museumsrundgang\/wp-content\/uploads\/Raum-4-Textilien-einleitung-_01_02.mp3\" data-title=\"4. Textilien und Bekleidung\" data-link=\"https:\/\/museum-ried.at\/museumsrundgang\/ausgabe\/textilien-und-bekleidung\/\" data-image=\"https:\/\/museum-ried.at\/museumsrundgang\/wp-content\/uploads\/Raum4-scaled.jpg\" data-episode=\"Episode\"><\/div>\r\n\t\t\t\t<h4 itemprop=\"name\" class=\"qodef-e-title entry-title\" >\n\t<a itemprop=\"url\" class=\"qodef-e-title-link\" href=\"https:\/\/museum-ried.at\/museumsrundgang\/ausgabe\/textilien-und-bekleidung\/\">\n\t\t4. Textilien und Bekleidung\t<\/a>\n<\/h4>\t\t\t<\/div>\n\t\t\t<div>\n\t\t\t\t\t            \t                    <div class=\"qodef-e-read-more\">\n\t\t\t<a class=\"qodef-shortcode qodef-m  qodef-button qodef-layout--textual  qodef-html--link\" href=\"https:\/\/museum-ried.at\/museumsrundgang\/ausgabe\/textilien-und-bekleidung\/\" target=\"_self\"  >\t<span class=\"qodef-m-text\">Weitere Informationen <\/span>    <svg xmlns=\"http:\/\/www.w3.org\/2000\/svg\" xmlns:xlink=\"http:\/\/www.w3.org\/1999\/xlink\" x=\"0px\" y=\"0px\"         viewBox=\"0 0 19.2 12.7\" style=\"enable-background:new 0 0 19.2 12.7;\" xml:space=\"preserve\">        <g>            <g>                <line x1=\"18\" y1=\"6.4\" x2=\"0\" y2=\"6.4\"\/>            <\/g>            <path d=\"M13,0.6\"\/>            <polyline points=\"12.5,0.4 18.5,6.4 12.5,12.4 \t\"\/>        <\/g>    <\/svg><\/a>        <\/div>\n\t\t\t<\/div>\n\t\t<\/div>\n\t<\/div>\n<\/article>\t<\/div>\n\t<\/div>\t\t<\/div>\n\t\t\t\t<\/div>\n\t\t\t\t<div class=\"elementor-element elementor-element-8017cd8 elementor-widget elementor-widget-text-editor\" data-id=\"8017cd8\" data-element_type=\"widget\" data-widget_type=\"text-editor.default\">\n\t\t\t\t<div class=\"elementor-widget-container\">\n\t\t\t\t\t\t\t<p>Der alte Handwebstuhl weist auf die einstige Bedeutung der Textilproduktion im Innviertel hin. Die gro\u00dfe Vitrine zeigt die Innviertler Tracht im 19. Jahrhundert samt den typischen Kopfbedeckungen. In den Vitrinen in der Mitte des Raumes sind b\u00fcrgerliche Handarbeiten, wie die besonders in der Biedermeierzeit beliebten Glasperlenarbeiten, bemalte Spanschachteln und Kn\u00f6pfe zu sehen. Aus der Welt des Kindes sind Taufkleidchen und Taufh\u00e4ubchen, Puppen mit Porzellank\u00f6pfen und andere Spielsachen ausgestellt. Handgestrickte Str\u00fcmpfe mit aufw\u00e4ndigen Mustern und M\u00e4nnerg\u00fcrtel runden das Bild ab.<\/p>\t\t\t\t\t\t<\/div>\n\t\t\t\t<\/div>\n\t\t\t\t<div class=\"elementor-element elementor-element-bf2697e elementor-widget elementor-widget-spacer\" data-id=\"bf2697e\" data-element_type=\"widget\" data-widget_type=\"spacer.default\">\n\t\t\t\t<div class=\"elementor-widget-container\">\n\t\t\t\t\t<div class=\"elementor-spacer\">\n\t\t\t<div class=\"elementor-spacer-inner\"><\/div>\n\t\t<\/div>\n\t\t\t\t<\/div>\n\t\t\t\t<\/div>\n\t\t\t\t<div class=\"elementor-element elementor-element-df33f83 elementor-widget elementor-widget-resonator_core_podcast_list\" data-id=\"df33f83\" data-element_type=\"widget\" data-widget_type=\"resonator_core_podcast_list.default\">\n\t\t\t\t<div class=\"elementor-widget-container\">\n\t\t\t<div class=\"qodef-shortcode qodef-m  qodef-podcast-list qodef--has-appear qodef-item-layout--info-below qodef-grid qodef-layout--columns   qodef-col-num--3 qodef-item-layout--info-below qodef-pagination--on qodef-pagination-type--standard qodef-responsive--custom qodef-col-num--1440--3 qodef-col-num--1366--3 qodef-col-num--1024--2 qodef-col-num--768--2 qodef-col-num--680--1 qodef-col-num--480--1\" data-options=\"{&quot;plugin&quot;:&quot;resonator_core&quot;,&quot;module&quot;:&quot;post-types\\\/podcast\\\/shortcodes&quot;,&quot;shortcode&quot;:&quot;podcast-list&quot;,&quot;post_type&quot;:&quot;podcast-item&quot;,&quot;next_page&quot;:&quot;2&quot;,&quot;max_pages_num&quot;:1,&quot;behavior&quot;:&quot;columns&quot;,&quot;images_proportion&quot;:&quot;resonator_image_size_square&quot;,&quot;columns&quot;:&quot;3&quot;,&quot;columns_responsive&quot;:&quot;custom&quot;,&quot;columns_1440&quot;:&quot;3&quot;,&quot;columns_1366&quot;:&quot;3&quot;,&quot;columns_1024&quot;:&quot;2&quot;,&quot;columns_768&quot;:&quot;2&quot;,&quot;columns_680&quot;:&quot;1&quot;,&quot;columns_480&quot;:&quot;1&quot;,&quot;posts_per_page&quot;:&quot;20&quot;,&quot;orderby&quot;:&quot;title&quot;,&quot;order&quot;:&quot;ASC&quot;,&quot;additional_params&quot;:&quot;tax&quot;,&quot;tax&quot;:&quot;podcast-category&quot;,&quot;tax_slug&quot;:&quot;Textilien&quot;,&quot;layout&quot;:&quot;info-below&quot;,&quot;title_tag&quot;:&quot;h5&quot;,&quot;enable_appear&quot;:&quot;yes&quot;,&quot;show_audio_length&quot;:&quot;no&quot;,&quot;show_next_up&quot;:&quot;no&quot;,&quot;navigation_with_text&quot;:&quot;no&quot;,&quot;pagination_type&quot;:&quot;standard&quot;,&quot;enable_image&quot;:&quot;yes&quot;,&quot;enable_excerpt&quot;:&quot;no&quot;,&quot;enable_share&quot;:&quot;no&quot;,&quot;enable_button&quot;:&quot;yes&quot;,&quot;object_class_name&quot;:&quot;ResonatorCorePodcastListShortcode&quot;,&quot;taxonomy_filter&quot;:&quot;podcast-category&quot;,&quot;additional_query_args&quot;:{&quot;tax_query&quot;:[{&quot;taxonomy&quot;:&quot;podcast-category&quot;,&quot;field&quot;:&quot;slug&quot;,&quot;terms&quot;:&quot;Textilien&quot;}]}}\">\n\t\t<div class=\"qodef-grid-inner clear\">\n\t\t<article class=\"qodef-e qodef-grid-item qodef-item--square post-7666 podcast-item type-podcast-item status-publish has-post-thumbnail hentry podcast-category-raum-4 podcast-category-textilien\">\n\t<div class=\"qodef-e-inner\" >\n                    <div class=\"qodef-e-image\">\n                \t<div class=\"qodef-e-media-image\">\n\t\t<span class=\"qodef-e-media-icon\"><span class=\"qodef-icon-ionicons ion-md-headset\" ><\/span><\/span>\n\t\t<a itemprop=\"url\" href=\"https:\/\/museum-ried.at\/museumsrundgang\/ausgabe\/textilien\/\">\n\t\t\t<img decoding=\"async\" width=\"650\" height=\"650\" src=\"https:\/\/museum-ried.at\/museumsrundgang\/wp-content\/uploads\/4-650x650.jpg\" class=\"attachment-resonator_image_size_square size-resonator_image_size_square wp-post-image\" alt=\"\" srcset=\"https:\/\/museum-ried.at\/museumsrundgang\/wp-content\/uploads\/4-650x650.jpg 650w, https:\/\/museum-ried.at\/museumsrundgang\/wp-content\/uploads\/4-150x150.jpg 150w, https:\/\/museum-ried.at\/museumsrundgang\/wp-content\/uploads\/4-1300x1300.jpg 1300w\" sizes=\"(max-width: 650px) 100vw, 650px\" \/>\t\t<\/a>\n\t<\/div>\n            <\/div>\n        \t\t<div class=\"qodef-e-content\" >\n            <div class=\"qodef-info-top\">\n\t            \t            <div class=\"qodef-e-info-category\">\n\t\t\t<a itemprop=\"url\" class=\"qodef-e-category\" href=\"https:\/\/museum-ried.at\/museumsrundgang\/podcast-category\/raum-4\/\">\n\t\t\tRaum 4\t\t<\/a>\n\t\t\t<a itemprop=\"url\" class=\"qodef-e-category\" href=\"https:\/\/museum-ried.at\/museumsrundgang\/podcast-category\/textilien\/\">\n\t\t\tTextilien\t\t<\/a>\n\t<\/div>\n            <\/div>\n\t\t\t<h5 itemprop=\"name\" class=\"qodef-e-title entry-title\" >\n\t<a itemprop=\"url\" class=\"qodef-e-title-link\" href=\"https:\/\/museum-ried.at\/museumsrundgang\/ausgabe\/textilien\/\">\n\t\t4.1 Leinenweberei\t<\/a>\n<\/h5>\t\t\t\t\t\t\t\t\t\t\t\t            <div class=\"qodef-e-read-more\">\n\t\t\t<a class=\"qodef-shortcode qodef-m  qodef-button qodef-layout--textual  qodef-html--link\" href=\"https:\/\/museum-ried.at\/museumsrundgang\/ausgabe\/textilien\/\" target=\"_self\"  >\t<span class=\"qodef-m-text\">Weitere Informationen <\/span>    <svg xmlns=\"http:\/\/www.w3.org\/2000\/svg\" xmlns:xlink=\"http:\/\/www.w3.org\/1999\/xlink\" x=\"0px\" y=\"0px\"         viewBox=\"0 0 19.2 12.7\" style=\"enable-background:new 0 0 19.2 12.7;\" xml:space=\"preserve\">        <g>            <g>                <line x1=\"18\" y1=\"6.4\" x2=\"0\" y2=\"6.4\"\/>            <\/g>            <path d=\"M13,0.6\"\/>            <polyline points=\"12.5,0.4 18.5,6.4 12.5,12.4 \t\"\/>        <\/g>    <\/svg><\/a>        <\/div>\n\t\t\t\t\t<\/div>\n\t<\/div>\n<\/article><article class=\"qodef-e qodef-grid-item qodef-item--square post-6335 podcast-item type-podcast-item status-publish has-post-thumbnail hentry podcast-category-raum-4 podcast-category-textilien\">\n\t<div class=\"qodef-e-inner\" >\n                    <div class=\"qodef-e-image\">\n                \t<div class=\"qodef-e-media-image\">\n\t\t<span class=\"qodef-e-media-icon\"><span class=\"qodef-icon-ionicons ion-md-headset\" ><\/span><\/span>\n\t\t<a itemprop=\"url\" href=\"https:\/\/museum-ried.at\/museumsrundgang\/ausgabe\/bekleidung\/\">\n\t\t\t<img decoding=\"async\" width=\"650\" height=\"650\" src=\"https:\/\/museum-ried.at\/museumsrundgang\/wp-content\/uploads\/4.1_Bekleidung_20211109_123621-650x650.jpg\" class=\"attachment-resonator_image_size_square size-resonator_image_size_square wp-post-image\" alt=\"\" srcset=\"https:\/\/museum-ried.at\/museumsrundgang\/wp-content\/uploads\/4.1_Bekleidung_20211109_123621-650x650.jpg 650w, https:\/\/museum-ried.at\/museumsrundgang\/wp-content\/uploads\/4.1_Bekleidung_20211109_123621-150x150.jpg 150w, https:\/\/museum-ried.at\/museumsrundgang\/wp-content\/uploads\/4.1_Bekleidung_20211109_123621-1300x1300.jpg 1300w\" sizes=\"(max-width: 650px) 100vw, 650px\" \/>\t\t<\/a>\n\t<\/div>\n            <\/div>\n        \t\t<div class=\"qodef-e-content\" >\n            <div class=\"qodef-info-top\">\n\t            \t            <div class=\"qodef-e-info-category\">\n\t\t\t<a itemprop=\"url\" class=\"qodef-e-category\" href=\"https:\/\/museum-ried.at\/museumsrundgang\/podcast-category\/raum-4\/\">\n\t\t\tRaum 4\t\t<\/a>\n\t\t\t<a itemprop=\"url\" class=\"qodef-e-category\" href=\"https:\/\/museum-ried.at\/museumsrundgang\/podcast-category\/textilien\/\">\n\t\t\tTextilien\t\t<\/a>\n\t<\/div>\n            <\/div>\n\t\t\t<h5 itemprop=\"name\" class=\"qodef-e-title entry-title\" >\n\t<a itemprop=\"url\" class=\"qodef-e-title-link\" href=\"https:\/\/museum-ried.at\/museumsrundgang\/ausgabe\/bekleidung\/\">\n\t\t4.2 Bekleidung\t<\/a>\n<\/h5>\t\t\t\t\t\t\t\t\t\t\t\t            <div class=\"qodef-e-read-more\">\n\t\t\t<a class=\"qodef-shortcode qodef-m  qodef-button qodef-layout--textual  qodef-html--link\" href=\"https:\/\/museum-ried.at\/museumsrundgang\/ausgabe\/bekleidung\/\" target=\"_self\"  >\t<span class=\"qodef-m-text\">Weitere Informationen <\/span>    <svg xmlns=\"http:\/\/www.w3.org\/2000\/svg\" xmlns:xlink=\"http:\/\/www.w3.org\/1999\/xlink\" x=\"0px\" y=\"0px\"         viewBox=\"0 0 19.2 12.7\" style=\"enable-background:new 0 0 19.2 12.7;\" xml:space=\"preserve\">        <g>            <g>                <line x1=\"18\" y1=\"6.4\" x2=\"0\" y2=\"6.4\"\/>            <\/g>            <path d=\"M13,0.6\"\/>            <polyline points=\"12.5,0.4 18.5,6.4 12.5,12.4 \t\"\/>        <\/g>    <\/svg><\/a>        <\/div>\n\t\t\t\t\t<\/div>\n\t<\/div>\n<\/article><article class=\"qodef-e qodef-grid-item qodef-item--square post-6349 podcast-item type-podcast-item status-publish has-post-thumbnail hentry podcast-category-raum-4 podcast-category-textilien\">\n\t<div class=\"qodef-e-inner\" >\n                    <div class=\"qodef-e-image\">\n                \t<div class=\"qodef-e-media-image\">\n\t\t<span class=\"qodef-e-media-icon\"><span class=\"qodef-icon-ionicons ion-md-headset\" ><\/span><\/span>\n\t\t<a itemprop=\"url\" href=\"https:\/\/museum-ried.at\/museumsrundgang\/ausgabe\/kopfbedeckungen\/\">\n\t\t\t<img loading=\"lazy\" decoding=\"async\" width=\"650\" height=\"650\" src=\"https:\/\/museum-ried.at\/museumsrundgang\/wp-content\/uploads\/423-650x650.jpg\" class=\"attachment-resonator_image_size_square size-resonator_image_size_square wp-post-image\" alt=\"\" srcset=\"https:\/\/museum-ried.at\/museumsrundgang\/wp-content\/uploads\/423-650x650.jpg 650w, https:\/\/museum-ried.at\/museumsrundgang\/wp-content\/uploads\/423-150x150.jpg 150w, https:\/\/museum-ried.at\/museumsrundgang\/wp-content\/uploads\/423-1300x1300.jpg 1300w\" sizes=\"(max-width: 650px) 100vw, 650px\" \/>\t\t<\/a>\n\t<\/div>\n            <\/div>\n        \t\t<div class=\"qodef-e-content\" >\n            <div class=\"qodef-info-top\">\n\t            \t            <div class=\"qodef-e-info-category\">\n\t\t\t<a itemprop=\"url\" class=\"qodef-e-category\" href=\"https:\/\/museum-ried.at\/museumsrundgang\/podcast-category\/raum-4\/\">\n\t\t\tRaum 4\t\t<\/a>\n\t\t\t<a itemprop=\"url\" class=\"qodef-e-category\" href=\"https:\/\/museum-ried.at\/museumsrundgang\/podcast-category\/textilien\/\">\n\t\t\tTextilien\t\t<\/a>\n\t<\/div>\n            <\/div>\n\t\t\t<h5 itemprop=\"name\" class=\"qodef-e-title entry-title\" >\n\t<a itemprop=\"url\" class=\"qodef-e-title-link\" href=\"https:\/\/museum-ried.at\/museumsrundgang\/ausgabe\/kopfbedeckungen\/\">\n\t\t4.3 Kopfbedeckungen\t<\/a>\n<\/h5>\t\t\t\t\t\t\t\t\t\t\t\t            <div class=\"qodef-e-read-more\">\n\t\t\t<a class=\"qodef-shortcode qodef-m  qodef-button qodef-layout--textual  qodef-html--link\" href=\"https:\/\/museum-ried.at\/museumsrundgang\/ausgabe\/kopfbedeckungen\/\" target=\"_self\"  >\t<span class=\"qodef-m-text\">Weitere Informationen <\/span>    <svg xmlns=\"http:\/\/www.w3.org\/2000\/svg\" xmlns:xlink=\"http:\/\/www.w3.org\/1999\/xlink\" x=\"0px\" y=\"0px\"         viewBox=\"0 0 19.2 12.7\" style=\"enable-background:new 0 0 19.2 12.7;\" xml:space=\"preserve\">        <g>            <g>                <line x1=\"18\" y1=\"6.4\" x2=\"0\" y2=\"6.4\"\/>            <\/g>            <path d=\"M13,0.6\"\/>            <polyline points=\"12.5,0.4 18.5,6.4 12.5,12.4 \t\"\/>        <\/g>    <\/svg><\/a>        <\/div>\n\t\t\t\t\t<\/div>\n\t<\/div>\n<\/article><article class=\"qodef-e qodef-grid-item qodef-item--square post-6359 podcast-item type-podcast-item status-publish has-post-thumbnail hentry podcast-category-raum-4 podcast-category-textilien\">\n\t<div class=\"qodef-e-inner\" >\n                    <div class=\"qodef-e-image\">\n                \t<div class=\"qodef-e-media-image\">\n\t\t<span class=\"qodef-e-media-icon\"><span class=\"qodef-icon-ionicons ion-md-headset\" ><\/span><\/span>\n\t\t<a itemprop=\"url\" href=\"https:\/\/museum-ried.at\/museumsrundgang\/ausgabe\/maennerguertel\/\">\n\t\t\t<img loading=\"lazy\" decoding=\"async\" width=\"650\" height=\"650\" src=\"https:\/\/museum-ried.at\/museumsrundgang\/wp-content\/uploads\/64-650x650.jpg\" class=\"attachment-resonator_image_size_square size-resonator_image_size_square wp-post-image\" alt=\"\" srcset=\"https:\/\/museum-ried.at\/museumsrundgang\/wp-content\/uploads\/64-650x650.jpg 650w, https:\/\/museum-ried.at\/museumsrundgang\/wp-content\/uploads\/64-150x150.jpg 150w, https:\/\/museum-ried.at\/museumsrundgang\/wp-content\/uploads\/64-1300x1300.jpg 1300w\" sizes=\"(max-width: 650px) 100vw, 650px\" \/>\t\t<\/a>\n\t<\/div>\n            <\/div>\n        \t\t<div class=\"qodef-e-content\" >\n            <div class=\"qodef-info-top\">\n\t            \t            <div class=\"qodef-e-info-category\">\n\t\t\t<a itemprop=\"url\" class=\"qodef-e-category\" href=\"https:\/\/museum-ried.at\/museumsrundgang\/podcast-category\/raum-4\/\">\n\t\t\tRaum 4\t\t<\/a>\n\t\t\t<a itemprop=\"url\" class=\"qodef-e-category\" href=\"https:\/\/museum-ried.at\/museumsrundgang\/podcast-category\/textilien\/\">\n\t\t\tTextilien\t\t<\/a>\n\t<\/div>\n            <\/div>\n\t\t\t<h5 itemprop=\"name\" class=\"qodef-e-title entry-title\" >\n\t<a itemprop=\"url\" class=\"qodef-e-title-link\" href=\"https:\/\/museum-ried.at\/museumsrundgang\/ausgabe\/maennerguertel\/\">\n\t\t4.4 M\u00e4nnerg\u00fcrtel\t<\/a>\n<\/h5>\t\t\t\t\t\t\t\t\t\t\t\t            <div class=\"qodef-e-read-more\">\n\t\t\t<a class=\"qodef-shortcode qodef-m  qodef-button qodef-layout--textual  qodef-html--link\" href=\"https:\/\/museum-ried.at\/museumsrundgang\/ausgabe\/maennerguertel\/\" target=\"_self\"  >\t<span class=\"qodef-m-text\">Weitere Informationen <\/span>    <svg xmlns=\"http:\/\/www.w3.org\/2000\/svg\" xmlns:xlink=\"http:\/\/www.w3.org\/1999\/xlink\" x=\"0px\" y=\"0px\"         viewBox=\"0 0 19.2 12.7\" style=\"enable-background:new 0 0 19.2 12.7;\" xml:space=\"preserve\">        <g>            <g>                <line x1=\"18\" y1=\"6.4\" x2=\"0\" y2=\"6.4\"\/>            <\/g>            <path d=\"M13,0.6\"\/>            <polyline points=\"12.5,0.4 18.5,6.4 12.5,12.4 \t\"\/>        <\/g>    <\/svg><\/a>        <\/div>\n\t\t\t\t\t<\/div>\n\t<\/div>\n<\/article>\t<\/div>\n\t<\/div>\t\t<\/div>\n\t\t\t\t<\/div>\n\t\t\t\t<div class=\"elementor-element elementor-element-c8ff60f elementor-widget elementor-widget-qi_addons_for_elementor_button\" data-id=\"c8ff60f\" data-element_type=\"widget\" data-widget_type=\"qi_addons_for_elementor_button.default\">\n\t\t\t\t<div class=\"elementor-widget-container\">\n\t\t\t<a class=\"qodef-shortcode qodef-m  qodef-qi-button qodef-html--link qodef-layout--filled qodef-type--standard qodef-size--full  qodef-icon--right qodef-hover--icon-move-horizontal-short   qodef-text-underline qodef-underline--center \" href=\"https:\/\/museum-ried.at\/museumsrundgang\/\" target=\"_self\">\n\t<span class=\"qodef-m-text\">zur\u00fcck zur \u00dcbersicht<\/span>\n\t<\/a>\n\t\t<\/div>\n\t\t\t\t<\/div>\n\t\t\t\t\t<\/div>\n\t\t<\/div>\n\t\t\t\t\t<\/div>\n\t\t<\/section>\n\t\t\t\t<\/div>\n\t\t","protected":false},"excerpt":{"rendered":"<p>4. Textilien und Bekleidung Weitere Informationen Der alte Handwebstuhl weist auf die einstige Bedeutung der Textilproduktion im Innviertel hin. Die gro\u00dfe Vitrine zeigt die Innviertler Tracht im 19. Jahrhundert samt den typischen Kopfbedeckungen. In den Vitrinen in der Mitte des Raumes sind b\u00fcrgerliche Handarbeiten, wie die besonders in der Biedermeierzeit beliebten Glasperlenarbeiten, bemalte Spanschachteln und [&hellip;]<\/p>\n","protected":false},"author":1,"featured_media":0,"parent":0,"menu_order":0,"comment_status":"closed","ping_status":"closed","template":"page-full-width.php","meta":{"footnotes":""},"class_list":["post-6319","page","type-page","status-publish","hentry"],"_links":{"self":[{"href":"https:\/\/museum-ried.at\/museumsrundgang\/wp-json\/wp\/v2\/pages\/6319","targetHints":{"allow":["GET"]}}],"collection":[{"href":"https:\/\/museum-ried.at\/museumsrundgang\/wp-json\/wp\/v2\/pages"}],"about":[{"href":"https:\/\/museum-ried.at\/museumsrundgang\/wp-json\/wp\/v2\/types\/page"}],"author":[{"embeddable":true,"href":"https:\/\/museum-ried.at\/museumsrundgang\/wp-json\/wp\/v2\/users\/1"}],"replies":[{"embeddable":true,"href":"https:\/\/museum-ried.at\/museumsrundgang\/wp-json\/wp\/v2\/comments?post=6319"}],"version-history":[{"count":0,"href":"https:\/\/museum-ried.at\/museumsrundgang\/wp-json\/wp\/v2\/pages\/6319\/revisions"}],"wp:attachment":[{"href":"https:\/\/museum-ried.at\/museumsrundgang\/wp-json\/wp\/v2\/media?parent=6319"}],"curies":[{"name":"wp","href":"https:\/\/api.w.org\/{rel}","templated":true}]}}